{"id":9351,"date":"2025-11-10T00:24:58","date_gmt":"2025-11-10T05:24:58","guid":{"rendered":"https:\/\/quantahive.net\/?page_id=9351"},"modified":"2025-11-20T03:35:21","modified_gmt":"2025-11-20T08:35:21","slug":"nos-services","status":"publish","type":"page","link":"https:\/\/quantahive.net\/en\/nos-services\/","title":{"rendered":"Our services"},"content":{"rendered":"<div data-elementor-type=\"wp-page\" data-elementor-id=\"9351\" class=\"elementor elementor-9351\">\n\t\t\t\t<div class=\"elementor-element elementor-element-95cb8bf e-flex e-con-boxed e-con e-parent\" data-id=\"95cb8bf\" data-element_type=\"container\">\n\t\t\t\t\t<div class=\"e-con-inner\">\n\t\t\t\t<div class=\"elementor-element elementor-element-d9b0ddb elementor-widget elementor-widget-heading\" data-id=\"d9b0ddb\" data-element_type=\"widget\" data-widget_type=\"heading.default\">\n\t\t\t\t\t<h3 class=\"elementor-heading-title elementor-size-default\">We offer services in the following areas<\/h3>\t\t\t\t<\/div>\n\t\t\t\t\t<\/div>\n\t\t\t\t<\/div>\n\t\t<div class=\"elementor-element elementor-element-d0b3aad e-flex e-con-boxed e-con e-parent\" data-id=\"d0b3aad\" data-element_type=\"container\">\n\t\t\t\t\t<div class=\"e-con-inner\">\n\t\t\t\t<div class=\"elementor-element elementor-element-46f1333 elementor-widget elementor-widget-stm_news\" data-id=\"46f1333\" data-element_type=\"widget\" data-widget_type=\"stm_news.default\">\n\t\t\t\t<div class=\"elementor-widget-container\">\n\t\t\t\t\t\t\t\t\t<div class=\"consulting_posts_box consulting_elementor_posts\t\t\t\tgrid\">\n\t\t\t\t\t<ul class=\"consulting_posts posts_per_row_3\">\n\t\t\t\t\t\t<li class=\"post_item\">\n\t<div class=\"post_inner\">\n\t\t\t\t\t<div class=\"image\">\n\t\t\t\t<a href=\"https:\/\/quantahive.net\/en\/service\/digitalisation-de-process-dentreprise\/\">\n\t\t\t\t\t<img src='https:\/\/quantahive.net\/wp-content\/uploads\/2025\/10\/quantahive-website-digitalisation-des-procesus-image-350x250.png' alt='' \/>\t\t\t\t<\/a>\n\t\t\t<\/div>\n\t\t\t\t\t<div class=\"news_item_info content_left\">\n\t\t\t<h5 class=\"news_item_title line_under_title\">\n\t\t\t\t<a href=\"https:\/\/quantahive.net\/en\/service\/digitalisation-de-process-dentreprise\/\">Digital Transformation of Business Processes<\/a>\n\t\t\t<\/h5>\n\t\t\t\t\t\t\t<div class=\"news_info\">\n\t\t\t\t\t<p>Digitalisation de vos processus m\u00e9tiers pour am\u00e9liorer l\u2019efficacit\u00e9, la tra\u00e7abilit\u00e9 et la productivit\u00e9 de votre entreprise.<\/p>\n\t\t\t\t<\/div>\n\t\t\t\t\t\t\t<div class=\"news_info_bottom\">\n\t\t\t\t\t\t\t\t\t<a href=\"https:\/\/quantahive.net\/en\/service\/digitalisation-de-process-dentreprise\/\" class=\"news_item_button\">\n\t\t\t\t\t\tRead more<svg aria-hidden=\"true\" class=\"button_icon after_icon e-font-icon-svg e-fas-arrow-right\" viewbox=\"0 0 448 512\" xmlns=\"http:\/\/www.w3.org\/2000\/svg\"><path d=\"M190.5 66.9l22.2-22.2c9.4-9.4 24.6-9.4 33.9 0L441 239c9.4 9.4 9.4 24.6 0 33.9L246.6 467.3c-9.4 9.4-24.6 9.4-33.9 0l-22.2-22.2c-9.5-9.5-9.3-25 .4-34.3L311.4 296H24c-13.3 0-24-10.7-24-24v-32c0-13.3 10.7-24 24-24h287.4L190.9 101.2c-9.8-9.3-10-24.8-.4-34.3z\"><\/path><\/svg>\t\t\t\t\t<\/a>\n\t\t\t\t\t\t\t\t<\/div>\n\t\t<\/div>\n\t<\/div>\n<\/li>\n<li class=\"post_item\">\n\t<div class=\"post_inner\">\n\t\t\t\t\t<div class=\"image\">\n\t\t\t\t<a href=\"https:\/\/quantahive.net\/en\/service\/marketing-digital\/\">\n\t\t\t\t\t<img src='https:\/\/quantahive.net\/wp-content\/uploads\/2025\/10\/quantahive-website-marketing-digital-image-350x250.png' alt='' \/>\t\t\t\t<\/a>\n\t\t\t<\/div>\n\t\t\t\t\t<div class=\"news_item_info content_left\">\n\t\t\t<h5 class=\"news_item_title line_under_title\">\n\t\t\t\t<a href=\"https:\/\/quantahive.net\/en\/service\/marketing-digital\/\">Digital Marketing<\/a>\n\t\t\t<\/h5>\n\t\t\t\t\t\t\t<div class=\"news_info\">\n\t\t\t\t\t<p>Strat\u00e9gies de marketing digital pour accro\u00eetre votre visibilit\u00e9 et attirer plus de clients en ligne.<\/p>\n\t\t\t\t<\/div>\n\t\t\t\t\t\t\t<div class=\"news_info_bottom\">\n\t\t\t\t\t\t\t\t\t<a href=\"https:\/\/quantahive.net\/en\/service\/marketing-digital\/\" class=\"news_item_button\">\n\t\t\t\t\t\tRead more<svg aria-hidden=\"true\" class=\"button_icon after_icon e-font-icon-svg e-fas-arrow-right\" viewbox=\"0 0 448 512\" xmlns=\"http:\/\/www.w3.org\/2000\/svg\"><path d=\"M190.5 66.9l22.2-22.2c9.4-9.4 24.6-9.4 33.9 0L441 239c9.4 9.4 9.4 24.6 0 33.9L246.6 467.3c-9.4 9.4-24.6 9.4-33.9 0l-22.2-22.2c-9.5-9.5-9.3-25 .4-34.3L311.4 296H24c-13.3 0-24-10.7-24-24v-32c0-13.3 10.7-24 24-24h287.4L190.9 101.2c-9.8-9.3-10-24.8-.4-34.3z\"><\/path><\/svg>\t\t\t\t\t<\/a>\n\t\t\t\t\t\t\t\t<\/div>\n\t\t<\/div>\n\t<\/div>\n<\/li>\n<li class=\"post_item\">\n\t<div class=\"post_inner\">\n\t\t\t\t\t<div class=\"image\">\n\t\t\t\t<a href=\"https:\/\/quantahive.net\/en\/service\/conception-developpement-de-solutions-ia\/\">\n\t\t\t\t\t<img src='https:\/\/quantahive.net\/wp-content\/uploads\/2025\/10\/quantahive-website-solution-ai-image-350x250.png' alt='' \/>\t\t\t\t<\/a>\n\t\t\t<\/div>\n\t\t\t\t\t<div class=\"news_item_info content_left\">\n\t\t\t<h5 class=\"news_item_title line_under_title\">\n\t\t\t\t<a href=\"https:\/\/quantahive.net\/en\/service\/conception-developpement-de-solutions-ia\/\">AI Solution Design &amp; Development<\/a>\n\t\t\t<\/h5>\n\t\t\t\t\t\t\t<div class=\"news_info\">\n\t\t\t\t\t<p>Conception et d\u00e9veloppement de solutions d\u2019intelligence artificielle pour automatiser et optimiser vos processus.<\/p>\n\t\t\t\t<\/div>\n\t\t\t\t\t\t\t<div class=\"news_info_bottom\">\n\t\t\t\t\t\t\t\t\t<a href=\"https:\/\/quantahive.net\/en\/service\/conception-developpement-de-solutions-ia\/\" class=\"news_item_button\">\n\t\t\t\t\t\tRead more<svg aria-hidden=\"true\" class=\"button_icon after_icon e-font-icon-svg e-fas-arrow-right\" viewbox=\"0 0 448 512\" xmlns=\"http:\/\/www.w3.org\/2000\/svg\"><path d=\"M190.5 66.9l22.2-22.2c9.4-9.4 24.6-9.4 33.9 0L441 239c9.4 9.4 9.4 24.6 0 33.9L246.6 467.3c-9.4 9.4-24.6 9.4-33.9 0l-22.2-22.2c-9.5-9.5-9.3-25 .4-34.3L311.4 296H24c-13.3 0-24-10.7-24-24v-32c0-13.3 10.7-24 24-24h287.4L190.9 101.2c-9.8-9.3-10-24.8-.4-34.3z\"><\/path><\/svg>\t\t\t\t\t<\/a>\n\t\t\t\t\t\t\t\t<\/div>\n\t\t<\/div>\n\t<\/div>\n<\/li>\n<li class=\"post_item\">\n\t<div class=\"post_inner\">\n\t\t\t\t\t<div class=\"image\">\n\t\t\t\t<a href=\"https:\/\/quantahive.net\/en\/service\/developpement-web\/\">\n\t\t\t\t\t<img src='https:\/\/quantahive.net\/wp-content\/uploads\/2025\/10\/ChatGPT-Image-16-oct.-2025-12_45_40-350x250.png' alt='' \/>\t\t\t\t<\/a>\n\t\t\t<\/div>\n\t\t\t\t\t<div class=\"news_item_info content_left\">\n\t\t\t<h5 class=\"news_item_title line_under_title\">\n\t\t\t\t<a href=\"https:\/\/quantahive.net\/en\/service\/developpement-web\/\">Web Development<\/a>\n\t\t\t<\/h5>\n\t\t\t\t\t\t\t<div class=\"news_info\">\n\t\t\t\t\t<p>Conception et d\u00e9veloppement de sites web modernes, rapides et adapt\u00e9s \u00e0 vos besoins.<\/p>\n\t\t\t\t<\/div>\n\t\t\t\t\t\t\t<div class=\"news_info_bottom\">\n\t\t\t\t\t\t\t\t\t<a href=\"https:\/\/quantahive.net\/en\/service\/developpement-web\/\" class=\"news_item_button\">\n\t\t\t\t\t\tRead more<svg aria-hidden=\"true\" class=\"button_icon after_icon e-font-icon-svg e-fas-arrow-right\" viewbox=\"0 0 448 512\" xmlns=\"http:\/\/www.w3.org\/2000\/svg\"><path d=\"M190.5 66.9l22.2-22.2c9.4-9.4 24.6-9.4 33.9 0L441 239c9.4 9.4 9.4 24.6 0 33.9L246.6 467.3c-9.4 9.4-24.6 9.4-33.9 0l-22.2-22.2c-9.5-9.5-9.3-25 .4-34.3L311.4 296H24c-13.3 0-24-10.7-24-24v-32c0-13.3 10.7-24 24-24h287.4L190.9 101.2c-9.8-9.3-10-24.8-.4-34.3z\"><\/path><\/svg>\t\t\t\t\t<\/a>\n\t\t\t\t\t\t\t\t<\/div>\n\t\t<\/div>\n\t<\/div>\n<\/li>\n<li class=\"post_item\">\n\t<div class=\"post_inner\">\n\t\t\t\t\t<div class=\"image\">\n\t\t\t\t<a href=\"https:\/\/quantahive.net\/en\/service\/developpement-mobile\/\">\n\t\t\t\t\t<img src='https:\/\/quantahive.net\/wp-content\/uploads\/2025\/10\/quantahive-website-dev-mobile-image-350x250.png' alt='' \/>\t\t\t\t<\/a>\n\t\t\t<\/div>\n\t\t\t\t\t<div class=\"news_item_info content_left\">\n\t\t\t<h5 class=\"news_item_title line_under_title\">\n\t\t\t\t<a href=\"https:\/\/quantahive.net\/en\/service\/developpement-mobile\/\">Mobile Development<\/a>\n\t\t\t<\/h5>\n\t\t\t\t\t\t\t<div class=\"news_info\">\n\t\t\t\t\t<p>D\u00e9veloppement d\u2019applications mobiles performantes et intuitives pour offrir une exp\u00e9rience optimale \u00e0 vos utilisateurs.<\/p>\n\t\t\t\t<\/div>\n\t\t\t\t\t\t\t<div class=\"news_info_bottom\">\n\t\t\t\t\t\t\t\t\t<a href=\"https:\/\/quantahive.net\/en\/service\/developpement-mobile\/\" class=\"news_item_button\">\n\t\t\t\t\t\tRead more<svg aria-hidden=\"true\" class=\"button_icon after_icon e-font-icon-svg e-fas-arrow-right\" viewbox=\"0 0 448 512\" xmlns=\"http:\/\/www.w3.org\/2000\/svg\"><path d=\"M190.5 66.9l22.2-22.2c9.4-9.4 24.6-9.4 33.9 0L441 239c9.4 9.4 9.4 24.6 0 33.9L246.6 467.3c-9.4 9.4-24.6 9.4-33.9 0l-22.2-22.2c-9.5-9.5-9.3-25 .4-34.3L311.4 296H24c-13.3 0-24-10.7-24-24v-32c0-13.3 10.7-24 24-24h287.4L190.9 101.2c-9.8-9.3-10-24.8-.4-34.3z\"><\/path><\/svg>\t\t\t\t\t<\/a>\n\t\t\t\t\t\t\t\t<\/div>\n\t\t<\/div>\n\t<\/div>\n<\/li>\n<li class=\"post_item\">\n\t<div class=\"post_inner\">\n\t\t\t\t\t<div class=\"image\">\n\t\t\t\t<a href=\"https:\/\/quantahive.net\/en\/service\/graphisme\/\">\n\t\t\t\t\t<img src='https:\/\/quantahive.net\/wp-content\/uploads\/2025\/10\/quantahive-website-graphisme-image-350x250.png' alt='' \/>\t\t\t\t<\/a>\n\t\t\t<\/div>\n\t\t\t\t\t<div class=\"news_item_info content_left\">\n\t\t\t<h5 class=\"news_item_title line_under_title\">\n\t\t\t\t<a href=\"https:\/\/quantahive.net\/en\/service\/graphisme\/\">Graphism<\/a>\n\t\t\t<\/h5>\n\t\t\t\t\t\t\t<div class=\"news_info\">\n\t\t\t\t\t<p>Cr\u00e9ation de visuels uniques et impactants pour renforcer l\u2019identit\u00e9 et la communication de votre marque.<\/p>\n\t\t\t\t<\/div>\n\t\t\t\t\t\t\t<div class=\"news_info_bottom\">\n\t\t\t\t\t\t\t\t\t<a href=\"https:\/\/quantahive.net\/en\/service\/graphisme\/\" class=\"news_item_button\">\n\t\t\t\t\t\tRead more<svg aria-hidden=\"true\" class=\"button_icon after_icon e-font-icon-svg e-fas-arrow-right\" viewbox=\"0 0 448 512\" xmlns=\"http:\/\/www.w3.org\/2000\/svg\"><path d=\"M190.5 66.9l22.2-22.2c9.4-9.4 24.6-9.4 33.9 0L441 239c9.4 9.4 9.4 24.6 0 33.9L246.6 467.3c-9.4 9.4-24.6 9.4-33.9 0l-22.2-22.2c-9.5-9.5-9.3-25 .4-34.3L311.4 296H24c-13.3 0-24-10.7-24-24v-32c0-13.3 10.7-24 24-24h287.4L190.9 101.2c-9.8-9.3-10-24.8-.4-34.3z\"><\/path><\/svg>\t\t\t\t\t<\/a>\n\t\t\t\t\t\t\t\t<\/div>\n\t\t<\/div>\n\t<\/div>\n<\/li>\n<li class=\"post_item\">\n\t<div class=\"post_inner\">\n\t\t\t\t\t<div class=\"image\">\n\t\t\t\t<a href=\"https:\/\/quantahive.net\/en\/service\/montage-video\/\">\n\t\t\t\t\t<img src='https:\/\/quantahive.net\/wp-content\/uploads\/2025\/11\/ChatGPT-Image-Mar-8-2026-10_53_34-PM-350x250.png' alt='' \/>\t\t\t\t<\/a>\n\t\t\t<\/div>\n\t\t\t\t\t<div class=\"news_item_info content_left\">\n\t\t\t<h5 class=\"news_item_title line_under_title\">\n\t\t\t\t<a href=\"https:\/\/quantahive.net\/en\/service\/montage-video\/\">Video Editor<\/a>\n\t\t\t<\/h5>\n\t\t\t\t\t\t\t<div class=\"news_info\">\n\t\t\t\t\t<p>Montage vid\u00e9o professionnel pour transformer vos images en contenus captivants et percutants.<\/p>\n\t\t\t\t<\/div>\n\t\t\t\t\t\t\t<div class=\"news_info_bottom\">\n\t\t\t\t\t\t\t\t\t<a href=\"https:\/\/quantahive.net\/en\/service\/montage-video\/\" class=\"news_item_button\">\n\t\t\t\t\t\tRead more<svg aria-hidden=\"true\" class=\"button_icon after_icon e-font-icon-svg e-fas-arrow-right\" viewbox=\"0 0 448 512\" xmlns=\"http:\/\/www.w3.org\/2000\/svg\"><path d=\"M190.5 66.9l22.2-22.2c9.4-9.4 24.6-9.4 33.9 0L441 239c9.4 9.4 9.4 24.6 0 33.9L246.6 467.3c-9.4 9.4-24.6 9.4-33.9 0l-22.2-22.2c-9.5-9.5-9.3-25 .4-34.3L311.4 296H24c-13.3 0-24-10.7-24-24v-32c0-13.3 10.7-24 24-24h287.4L190.9 101.2c-9.8-9.3-10-24.8-.4-34.3z\"><\/path><\/svg>\t\t\t\t\t<\/a>\n\t\t\t\t\t\t\t\t<\/div>\n\t\t<\/div>\n\t<\/div>\n<\/li>\n<li class=\"post_item\">\n\t<div class=\"post_inner\">\n\t\t\t\t\t<div class=\"image\">\n\t\t\t\t<a href=\"https:\/\/quantahive.net\/en\/service\/motion-design\/\">\n\t\t\t\t\t<img src='https:\/\/quantahive.net\/wp-content\/uploads\/2025\/10\/quantahive-website-motion-design-image-1-350x250.png' alt='' \/>\t\t\t\t<\/a>\n\t\t\t<\/div>\n\t\t\t\t\t<div class=\"news_item_info content_left\">\n\t\t\t<h5 class=\"news_item_title line_under_title\">\n\t\t\t\t<a href=\"https:\/\/quantahive.net\/en\/service\/motion-design\/\">Motion Design<\/a>\n\t\t\t<\/h5>\n\t\t\t\t\t\t\t<div class=\"news_info\">\n\t\t\t\t\t<p>Cr\u00e9ation d\u2019animations visuelles dynamiques pour valoriser votre message et capter l\u2019attention de votre audience.<\/p>\n\t\t\t\t<\/div>\n\t\t\t\t\t\t\t<div class=\"news_info_bottom\">\n\t\t\t\t\t\t\t\t\t<a href=\"https:\/\/quantahive.net\/en\/service\/motion-design\/\" class=\"news_item_button\">\n\t\t\t\t\t\tRead more<svg aria-hidden=\"true\" class=\"button_icon after_icon e-font-icon-svg e-fas-arrow-right\" viewbox=\"0 0 448 512\" xmlns=\"http:\/\/www.w3.org\/2000\/svg\"><path d=\"M190.5 66.9l22.2-22.2c9.4-9.4 24.6-9.4 33.9 0L441 239c9.4 9.4 9.4 24.6 0 33.9L246.6 467.3c-9.4 9.4-24.6 9.4-33.9 0l-22.2-22.2c-9.5-9.5-9.3-25 .4-34.3L311.4 296H24c-13.3 0-24-10.7-24-24v-32c0-13.3 10.7-24 24-24h287.4L190.9 101.2c-9.8-9.3-10-24.8-.4-34.3z\"><\/path><\/svg>\t\t\t\t\t<\/a>\n\t\t\t\t\t\t\t\t<\/div>\n\t\t<\/div>\n\t<\/div>\n<\/li>\n<li class=\"post_item\">\n\t<div class=\"post_inner\">\n\t\t\t\t\t<div class=\"image\">\n\t\t\t\t<a href=\"https:\/\/quantahive.net\/en\/service\/analyse-et-ingenierie-des-donnees\/\">\n\t\t\t\t\t<img src='https:\/\/quantahive.net\/wp-content\/uploads\/2025\/11\/ChatGPT-Image-Mar-8-2026-10_44_05-PM-350x250.png' alt='' \/>\t\t\t\t<\/a>\n\t\t\t<\/div>\n\t\t\t\t\t<div class=\"news_item_info content_left\">\n\t\t\t<h5 class=\"news_item_title line_under_title\">\n\t\t\t\t<a href=\"https:\/\/quantahive.net\/en\/service\/analyse-et-ingenierie-des-donnees\/\">Data Analysis and Engineering<\/a>\n\t\t\t<\/h5>\n\t\t\t\t\t\t\t<div class=\"news_info\">\n\t\t\t\t\t<p>Transformez vos donn\u00e9es en informations strat\u00e9giques gr\u00e2ce \u00e0 des solutions avanc\u00e9es d\u2019analyse et d\u2019ing\u00e9nierie des donn\u00e9es.<\/p>\n\t\t\t\t<\/div>\n\t\t\t\t\t\t\t<div class=\"news_info_bottom\">\n\t\t\t\t\t\t\t\t\t<a href=\"https:\/\/quantahive.net\/en\/service\/analyse-et-ingenierie-des-donnees\/\" class=\"news_item_button\">\n\t\t\t\t\t\tRead more<svg aria-hidden=\"true\" class=\"button_icon after_icon e-font-icon-svg e-fas-arrow-right\" viewbox=\"0 0 448 512\" xmlns=\"http:\/\/www.w3.org\/2000\/svg\"><path d=\"M190.5 66.9l22.2-22.2c9.4-9.4 24.6-9.4 33.9 0L441 239c9.4 9.4 9.4 24.6 0 33.9L246.6 467.3c-9.4 9.4-24.6 9.4-33.9 0l-22.2-22.2c-9.5-9.5-9.3-25 .4-34.3L311.4 296H24c-13.3 0-24-10.7-24-24v-32c0-13.3 10.7-24 24-24h287.4L190.9 101.2c-9.8-9.3-10-24.8-.4-34.3z\"><\/path><\/svg>\t\t\t\t\t<\/a>\n\t\t\t\t\t\t\t\t<\/div>\n\t\t<\/div>\n\t<\/div>\n<\/li>\n\t\t\t\t\t<\/ul>\n\t\t\t\t<\/div>\n\t\t\t\t\t\t\t\t<\/div>\n\t\t\t\t<\/div>\n\t\t\t\t\t<\/div>\n\t\t\t\t<\/div>\n\t\t\t\t<\/div>","protected":false},"excerpt":{"rendered":"<p>Nous offrons des services dans les domaines suivants Digitalisation de Process d\u2019Entreprise About Service Building Websites That Drive Success Our web design and development services are focused on creating high-performance. Lire plus Marketing Digital About Service Building Websites That Drive Success Our web design and development services are focused on creating high-performance. Lire plus Conception<\/p>","protected":false},"author":1,"featured_media":0,"parent":0,"menu_order":0,"comment_status":"closed","ping_status":"closed","template":"","meta":{"footnotes":""},"class_list":["post-9351","page","type-page","status-publish","hentry"],"_links":{"self":[{"href":"https:\/\/quantahive.net\/en\/wp-json\/wp\/v2\/pages\/9351","targetHints":{"allow":["GET"]}}],"collection":[{"href":"https:\/\/quantahive.net\/en\/wp-json\/wp\/v2\/pages"}],"about":[{"href":"https:\/\/quantahive.net\/en\/wp-json\/wp\/v2\/types\/page"}],"author":[{"embeddable":true,"href":"https:\/\/quantahive.net\/en\/wp-json\/wp\/v2\/users\/1"}],"replies":[{"embeddable":true,"href":"https:\/\/quantahive.net\/en\/wp-json\/wp\/v2\/comments?post=9351"}],"version-history":[{"count":13,"href":"https:\/\/quantahive.net\/en\/wp-json\/wp\/v2\/pages\/9351\/revisions"}],"predecessor-version":[{"id":9708,"href":"https:\/\/quantahive.net\/en\/wp-json\/wp\/v2\/pages\/9351\/revisions\/9708"}],"wp:attachment":[{"href":"https:\/\/quantahive.net\/en\/wp-json\/wp\/v2\/media?parent=9351"}],"curies":[{"name":"wp","href":"https:\/\/api.w.org\/{rel}","templated":true}]}}