{"id":8050,"date":"2025-01-14T05:44:31","date_gmt":"2025-01-14T05:44:31","guid":{"rendered":"http:\/\/el-munich.consulting.local\/?page_id=8050"},"modified":"2025-11-10T23:28:21","modified_gmt":"2025-11-11T04:28:21","slug":"contact","status":"publish","type":"page","link":"https:\/\/quantahive.net\/en\/contact\/","title":{"rendered":"Contact"},"content":{"rendered":"<div data-elementor-type=\"wp-page\" data-elementor-id=\"8050\" class=\"elementor elementor-8050\">\n\t\t\t\t<div class=\"elementor-element elementor-element-8c5141c e-flex e-con-boxed e-con e-parent\" data-id=\"8c5141c\" data-element_type=\"container\">\n\t\t\t\t\t<div class=\"e-con-inner\">\n\t\t\t\t<div class=\"elementor-element elementor-element-32668d5 elementor-widget elementor-widget-stm_horizontal_tabs\" data-id=\"32668d5\" data-element_type=\"widget\" data-widget_type=\"stm_horizontal_tabs.default\">\n\t\t\t\t<div class=\"elementor-widget-container\">\n\t\t\t\t\t\t\t<div data-id=\"consulting-horizontal-tabs69e0df6e9676e\" class=\"consulting-horizontal-tabs-container\" data-active-tab=\"1\">\n\t\t\t<div class=\"consulting-horizontal-tabs-navigation\">\n\t\t\t\t<ul class=\"navigation-alignment-left\">\n\t\t\t\t\t\t\t\t\t\t\t<li class=\"tab-icon-position-before\">\n\t\t\t\t\t\t\t<a href=\"#consulting-tab-4e442af\">\n\t\t\t\t\t\t\t\t<span class=\"tab-item-title\">Douala Office<\/span>\t\t\t\t\t\t\t<\/a>\n\t\t\t\t\t\t<\/li>\n\t\t\t\t\t\t\t\t\t\t\t\t<li class=\"tab-icon-position-before\">\n\t\t\t\t\t\t\t<a href=\"#consulting-tab-d1cc795\">\n\t\t\t\t\t\t\t\t<span class=\"tab-item-title\">Sherbrooke Office<\/span>\t\t\t\t\t\t\t<\/a>\n\t\t\t\t\t\t<\/li>\n\t\t\t\t\t\t\t\t\t\t<\/ul>\n\t\t\t<\/div>\n\t\t\t<div class=\"consulting-horizontal-tabs-wrapper\">\n\t\t\t\t\t\t\t\t\t<div class=\"consulting-tab-item-wrapper\" id=\"consulting-tab-4e442af\">\n\t\t\t\t\t\t\t\t<div data-elementor-type=\"page\" data-elementor-id=\"7262\" class=\"elementor elementor-7262\">\n\t\t\t\t\t\t<section class=\"elementor-section elementor-top-section elementor-element elementor-element-37772702 elementor-section-boxed elementor-section-height-default elementor-section-height-default\" data-id=\"37772702\" data-element_type=\"section\" data-settings=\"{&quot;background_background&quot;:&quot;classic&quot;}\">\n\t\t\t\t\t\t<div class=\"elementor-container elementor-column-gap-default\">\n\t\t\t\t\t<div class=\"elementor-column elementor-col-33 elementor-top-column elementor-element elementor-element-4496216f elementor-hidden-tablet elementor-hidden-phone\" data-id=\"4496216f\" data-element_type=\"column\">\n\t\t\t<div class=\"elementor-widget-wrap elementor-element-populated\">\n\t\t\t\t\t\t<div class=\"elementor-element elementor-element-48370dab elementor-widget elementor-widget-image\" data-id=\"48370dab\" data-element_type=\"widget\" data-widget_type=\"image.default\">\n\t\t\t\t\t\t\t\t\t\t\t\t\t\t\t<img decoding=\"async\" src=\"https:\/\/consulting.stylemixthemes.com\/wp-content\/uploads\/2015\/12\/building.jpg\" title=\"\" alt=\"\" loading=\"lazy\" \/>\t\t\t\t\t\t\t\t\t\t\t\t\t\t\t<\/div>\n\t\t\t\t\t<\/div>\n\t\t<\/div>\n\t\t\t\t<div class=\"elementor-column elementor-col-33 elementor-top-column elementor-element elementor-element-16ffa86d\" data-id=\"16ffa86d\" data-element_type=\"column\">\n\t\t\t<div class=\"elementor-widget-wrap elementor-element-populated\">\n\t\t\t\t\t\t<div class=\"elementor-element elementor-element-55d1089c elementor-widget elementor-widget-google_maps\" data-id=\"55d1089c\" data-element_type=\"widget\" data-widget_type=\"google_maps.default\">\n\t\t\t\t\t\t\t<div class=\"elementor-custom-embed\">\n\t\t\t<iframe loading=\"lazy\"\n\t\t\t\t\tsrc=\"https:\/\/maps.google.com\/maps?q=Douala%2C%20Cameroun&#038;t=m&#038;z=10&#038;output=embed&#038;iwloc=near\"\n\t\t\t\t\ttitle=\"Douala, Cameroun\"\n\t\t\t\t\taria-label=\"Douala, Cameroun\"\n\t\t\t><\/iframe>\n\t\t<\/div>\n\t\t\t\t\t\t<\/div>\n\t\t\t\t\t<\/div>\n\t\t<\/div>\n\t\t\t\t<div class=\"elementor-column elementor-col-33 elementor-top-column elementor-element elementor-element-2047a86f\" data-id=\"2047a86f\" data-element_type=\"column\">\n\t\t\t<div class=\"elementor-widget-wrap elementor-element-populated\">\n\t\t\t\t\t\t<div class=\"elementor-element elementor-element-2c2cc2e8 contacts_bureaux elementor-widget elementor-widget-stm_contacts_widget\" data-id=\"2c2cc2e8\" data-element_type=\"widget\" data-widget_type=\"stm_contacts_widget.default\">\n\t\t\t\t<div class=\"elementor-widget-container\">\n\t\t\t\t\t\n<div class=\"stm_contacts_widget consulting_elementor_contacts_widget style_1 overlay_3\">\n    \n            <h4 class=\"no_stripe\">Contacts<\/h4>\n    \n    \n        <ul>\n                            <li>\n                    <div class=\"icon\"><i class=\"fa fa-map-marker\"><\/i><\/div>\n                    <div class=\"text\">Douala \u2013 Logpom, Bassong Junction area<\/div>\n                <\/li>\n                                        <li>\n                    <div class=\"icon\"><i class=\"fa fa-phone\"><\/i><\/div>\n                    <div class=\"text\">\n                        +237 6 98 80 62 46\u202c                                            <\/div>\n                <\/li>\n                                                    <li>\n                    <div class=\"icon\"><i class=\"fa fa-envelope\"><\/i><\/div>\n                    <div class=\"text\"><a href=\"mailto:co&#110;&#116;a&#99;&#116;&#64;qu&#97;nta&#104;i&#118;&#101;.ne&#116;\">contact@quantahive.net<\/a><\/div>\n                <\/li>\n                                <\/ul>\n                    <ul class=\"socials\">\n                                    <li><a href=\"#\" target=\"_blank\" class=\"social-facebook\"><i class=\"fa fa-facebook\"><\/i><\/a><\/li>\n                                                    <li><a href=\"#\" target=\"_blank\" class=\"social-twitter\"><i class=\"fa fa-twitter\"><\/i><\/a><\/li>\n                                                    <li><a href=\"https:\/\/www.linkedin.com\/company\/quanta-hive\/\" target=\"_blank\" class=\"social-linkedin\" rel=\"noopener\"><i class=\"fa fa-linkedin\"><\/i><\/a><\/li>\n                                                    <li><a href=\"#\" target=\"_blank\" class=\"social-google-plus\"><i class=\"fa fa-google-plus\"><\/i><\/a><\/li>\n                                                    <li><a href=\"skype:#\" class=\"social-skype\"><i class=\"fa fa-skype\"><\/i><\/a><\/li>\n                            <\/ul>\n        \n    \n<\/div>\t\t\t\t<\/div>\n\t\t\t\t<\/div>\n\t\t\t\t\t<\/div>\n\t\t<\/div>\n\t\t\t\t\t<\/div>\n\t\t<\/section>\n\t\t\t\t<\/div>\n\t\t\t\t\t\t\t<\/div>\n\t\t\t\t\t\t\t\t\t\t<div class=\"consulting-tab-item-wrapper\" id=\"consulting-tab-d1cc795\">\n\t\t\t\t\t\t\t\t<div data-elementor-type=\"page\" data-elementor-id=\"9477\" class=\"elementor elementor-9477\">\n\t\t\t\t\t\t<section class=\"elementor-section elementor-top-section elementor-element elementor-element-37772702 elementor-section-boxed elementor-section-height-default elementor-section-height-default\" data-id=\"37772702\" data-element_type=\"section\" data-settings=\"{&quot;background_background&quot;:&quot;classic&quot;}\">\n\t\t\t\t\t\t<div class=\"elementor-container elementor-column-gap-default\">\n\t\t\t\t\t<div class=\"elementor-column elementor-col-33 elementor-top-column elementor-element elementor-element-4496216f elementor-hidden-tablet elementor-hidden-phone\" data-id=\"4496216f\" data-element_type=\"column\">\n\t\t\t<div class=\"elementor-widget-wrap elementor-element-populated\">\n\t\t\t\t\t\t<div class=\"elementor-element elementor-element-48370dab elementor-widget elementor-widget-image\" data-id=\"48370dab\" data-element_type=\"widget\" data-widget_type=\"image.default\">\n\t\t\t\t\t\t\t\t\t\t\t\t\t\t\t<img decoding=\"async\" src=\"https:\/\/consulting.stylemixthemes.com\/wp-content\/uploads\/2015\/12\/building.jpg\" title=\"\" alt=\"\" loading=\"lazy\" \/>\t\t\t\t\t\t\t\t\t\t\t\t\t\t\t<\/div>\n\t\t\t\t\t<\/div>\n\t\t<\/div>\n\t\t\t\t<div class=\"elementor-column elementor-col-33 elementor-top-column elementor-element elementor-element-16ffa86d\" data-id=\"16ffa86d\" data-element_type=\"column\">\n\t\t\t<div class=\"elementor-widget-wrap elementor-element-populated\">\n\t\t\t\t\t\t<div class=\"elementor-element elementor-element-55d1089c elementor-widget elementor-widget-google_maps\" data-id=\"55d1089c\" data-element_type=\"widget\" data-widget_type=\"google_maps.default\">\n\t\t\t\t\t\t\t<div class=\"elementor-custom-embed\">\n\t\t\t<iframe loading=\"lazy\"\n\t\t\t\t\tsrc=\"https:\/\/maps.google.com\/maps?q=Sherbrooke%2C%20Quebec%2C%20Canada&#038;t=m&#038;z=10&#038;output=embed&#038;iwloc=near\"\n\t\t\t\t\ttitle=\"Sherbrooke, Quebec, Canada\"\n\t\t\t\t\taria-label=\"Sherbrooke, Quebec, Canada\"\n\t\t\t><\/iframe>\n\t\t<\/div>\n\t\t\t\t\t\t<\/div>\n\t\t\t\t\t<\/div>\n\t\t<\/div>\n\t\t\t\t<div class=\"elementor-column elementor-col-33 elementor-top-column elementor-element elementor-element-2047a86f\" data-id=\"2047a86f\" data-element_type=\"column\">\n\t\t\t<div class=\"elementor-widget-wrap elementor-element-populated\">\n\t\t\t\t\t\t<div class=\"elementor-element elementor-element-2c2cc2e8 contacts_bureaux elementor-widget elementor-widget-stm_contacts_widget\" data-id=\"2c2cc2e8\" data-element_type=\"widget\" data-widget_type=\"stm_contacts_widget.default\">\n\t\t\t\t<div class=\"elementor-widget-container\">\n\t\t\t\t\t\n<div class=\"stm_contacts_widget consulting_elementor_contacts_widget style_1 overlay_3\">\n    \n            <h4 class=\"no_stripe\">Contacts<\/h4>\n    \n    \n        <ul>\n                            <li>\n                    <div class=\"icon\"><i class=\"fa fa-map-marker\"><\/i><\/div>\n                    <div class=\"text\">1319 street Evangeline, Sherbrooke, Canada, J1H 5Y7<\/div>\n                <\/li>\n                                        <li>\n                    <div class=\"icon\"><i class=\"fa fa-phone\"><\/i><\/div>\n                    <div class=\"text\">\n                        +1 (873) 878\u20116035\u202c                                             <\/div>\n                <\/li>\n                                                    <li>\n                    <div class=\"icon\"><i class=\"fa fa-envelope\"><\/i><\/div>\n                    <div class=\"text\"><a href=\"mailto:c&#111;&#110;t&#97;ct&#64;qu&#97;&#110;tah&#105;&#118;&#101;.&#110;et\">contact@quantahive.net<\/a><\/div>\n                <\/li>\n                                <\/ul>\n                    <ul class=\"socials\">\n                                    <li><a href=\"#\" target=\"_blank\" class=\"social-facebook\"><i class=\"fa fa-facebook\"><\/i><\/a><\/li>\n                                                    <li><a href=\"#\" target=\"_blank\" class=\"social-twitter\"><i class=\"fa fa-twitter\"><\/i><\/a><\/li>\n                                                    <li><a href=\"#\" target=\"_blank\" class=\"social-linkedin\"><i class=\"fa fa-linkedin\"><\/i><\/a><\/li>\n                                                    <li><a href=\"#\" target=\"_blank\" class=\"social-google-plus\"><i class=\"fa fa-google-plus\"><\/i><\/a><\/li>\n                                                    <li><a href=\"skype:#\" class=\"social-skype\"><i class=\"fa fa-skype\"><\/i><\/a><\/li>\n                            <\/ul>\n        \n    \n<\/div>\t\t\t\t<\/div>\n\t\t\t\t<\/div>\n\t\t\t\t\t<\/div>\n\t\t<\/div>\n\t\t\t\t\t<\/div>\n\t\t<\/section>\n\t\t\t\t<\/div>\n\t\t\t\t\t\t\t<\/div>\n\t\t\t\t\t\t\t\t<\/div>\n\t\t<\/div>\n\t\t\t\t\t\t<\/div>\n\t\t\t\t<\/div>\n\t\t\t\t\t<\/div>\n\t\t\t\t<\/div>\n\t\t\t\t<section class=\"elementor-section elementor-top-section elementor-element elementor-element-5837f28 elementor-reverse-tablet elementor-reverse-mobile elementor-section-boxed elementor-section-height-default elementor-section-height-default\" data-id=\"5837f28\" data-element_type=\"section\" data-settings=\"{&quot;background_background&quot;:&quot;classic&quot;}\">\n\t\t\t\t\t\t<div class=\"elementor-container elementor-column-gap-custom\">\n\t\t\t\t\t<div class=\"elementor-column elementor-col-100 elementor-top-column elementor-element elementor-element-8719d58\" data-id=\"8719d58\" data-element_type=\"column\" data-settings=\"{&quot;background_background&quot;:&quot;classic&quot;}\">\n\t\t\t<div class=\"elementor-widget-wrap elementor-element-populated\">\n\t\t\t\t\t\t<div class=\"elementor-element elementor-element-5b26227 elementor-widget elementor-widget-vc_custom_heading\" data-id=\"5b26227\" data-element_type=\"widget\" data-widget_type=\"vc_custom_heading.default\">\n\t\t\t\t<div class=\"elementor-widget-container\">\n\t\t\t\t\t<div class=\"vc_custom_heading  consulting_heading_font  text_align_left\" ><h3 style=\"color: #1F2529;text-align: left;line-height: 10px\" class=\"consulting-custom-title\">Let's stay in touch\n<\/h3><\/div>\t\t\t\t<\/div>\n\t\t\t\t<\/div>\n\t\t\t\t<div class=\"elementor-element elementor-element-a636d31 elementor-widget elementor-widget-text-editor\" data-id=\"a636d31\" data-element_type=\"widget\" data-widget_type=\"text-editor.default\">\n\t\t\t\t\t\t\t\t\t<p>Please let us know if you have a question, would like to leave a comment, or need more information about Quanta Hive.<\/p>\n\t\t\t\t\t\t\t\t<\/div>\n\t\t\t\t<div class=\"elementor-element elementor-element-e156603 elementor-widget elementor-widget-stm_contact_form_7\" data-id=\"e156603\" data-element_type=\"widget\" data-widget_type=\"stm_contact_form_7.default\">\n\t\t\t\t<div class=\"elementor-widget-container\">\n\t\t\t\t\t\n<div class=\"wpcf7 no-js\" id=\"wpcf7-f7870-o1\" lang=\"en-US\" dir=\"ltr\" data-wpcf7-id=\"7870\">\n<div class=\"screen-reader-response\"><p role=\"status\" aria-live=\"polite\" aria-atomic=\"true\"><\/p> <ul><\/ul><\/div>\n<form action=\"\/en\/wp-json\/wp\/v2\/pages\/8050#wpcf7-f7870-o1\" method=\"post\" class=\"wpcf7-form init\" aria-label=\"Contact form\" novalidate=\"novalidate\" data-status=\"init\" data-trp-original-action=\"\/en\/wp-json\/wp\/v2\/pages\/8050#wpcf7-f7870-o1\">\n<fieldset class=\"hidden-fields-container\"><input type=\"hidden\" name=\"_wpcf7\" value=\"7870\" \/><input type=\"hidden\" name=\"_wpcf7_version\" value=\"6.1.4\" \/><input type=\"hidden\" name=\"_wpcf7_locale\" value=\"en_US\" \/><input type=\"hidden\" name=\"_wpcf7_unit_tag\" value=\"wpcf7-f7870-o1\" \/><input type=\"hidden\" name=\"_wpcf7_container_post\" value=\"0\" \/><input type=\"hidden\" name=\"_wpcf7_posted_data_hash\" value=\"\" \/>\n<\/fieldset>\n<div class=\"request_callback request_callback_7\">\n  <div class=\"row\">\n    <div class=\"col-lg-6 col-md-6 col-sm-12 col-xs-12\">\n      <div class=\"input-group\">\n        <span class=\"wpcf7-form-control-wrap\" data-name=\"your-name\"><input size=\"40\" maxlength=\"400\" class=\"wpcf7-form-control wpcf7-text wpcf7-validates-as-required\" aria-required=\"true\" aria-invalid=\"false\" placeholder=\"Your name\" value=\"\" type=\"text\" name=\"your-name\" \/><\/span>\n      <\/div>\n    <\/div>\n    <div class=\"col-lg-6 col-md-6 col-sm-12 col-xs-12\">\n      <div class=\"input-group\">\n        <span class=\"wpcf7-form-control-wrap\" data-name=\"your-email\"><input size=\"40\" maxlength=\"400\" class=\"wpcf7-form-control wpcf7-email wpcf7-validates-as-required wpcf7-text wpcf7-validates-as-email\" aria-required=\"true\" aria-invalid=\"false\" placeholder=\"Your e-mail\" value=\"\" type=\"email\" name=\"your-email\" \/><\/span>\n      <\/div>\n    <\/div>\n\n    <div class=\"col-lg-6 col-md-6 col-sm-12 col-xs-12\">\n      <div class=\"input-group\">\n        <span class=\"wpcf7-form-control-wrap\" data-name=\"company\"><input size=\"40\" maxlength=\"400\" class=\"wpcf7-form-control wpcf7-text\" aria-invalid=\"false\" placeholder=\"Your company\" value=\"\" type=\"text\" name=\"company\" \/><\/span>\n      <\/div>\n    <\/div>\n    <div class=\"col-lg-6 col-md-6 col-sm-12 col-xs-12\">\n      <div class=\"input-group\">\n        <span class=\"wpcf7-form-control-wrap\" data-name=\"service\"><select class=\"wpcf7-form-control wpcf7-select wpcf7-validates-as-required\" aria-required=\"true\" aria-invalid=\"false\" name=\"service\"><option value=\"\">Select a service<\/option><option value=\"D\u00e9veloppement Web\">Web Development<\/option><option value=\"D\u00e9veloppement Mobile\">Mobile Development<\/option><option value=\"Marketing Digital\">Digital Marketing<\/option><option value=\"Graphisme\">Graphism<\/option><option value=\"Digitalisation des process\">Digital Transformation of Business Processes<\/option><option value=\"Motion design\">Motion design<\/option><option value=\"Montage vid\u00e9o\">Video editor<\/option><option value=\"Solutions IA\">AI Solutions<\/option><\/select><\/span>\n      <\/div>\n    <\/div>\n\n    <div class=\"col-lg-12 col-md-12 col-sm-12 col-xs-12\">\n      <div class=\"input-group\">\n        <span class=\"wpcf7-form-control-wrap\" data-name=\"message\"><textarea cols=\"40\" rows=\"10\" maxlength=\"2000\" class=\"wpcf7-form-control wpcf7-textarea wpcf7-validates-as-required\" aria-required=\"true\" aria-invalid=\"false\" placeholder=\"Message\" name=\"message\"><\/textarea><\/span>\n      <\/div>\n\n      <span id=\"wpcf7-69e0df6ea12ac-wrapper\" class=\"wpcf7-form-control-wrap cf7_honeypot-wrap\" style=\"display:none !important; visibility:hidden !important;\"><label for=\"wpcf7-69e0df6ea12ac-field\" class=\"hp-message\">Please leave this field empty.<\/label><input id=\"wpcf7-69e0df6ea12ac-field\"  class=\"wpcf7-form-control wpcf7-text\" type=\"text\" name=\"cf7_honeypot\" value=\"\" size=\"40\" tabindex=\"-1\" autocomplete=\"new-password\" \/><\/span>\n\n      <div class=\"input-group\">\n        <input class=\"wpcf7-form-control wpcf7-submit has-spinner button size-lg\" type=\"submit\" value=\"Send\" \/>\n      <\/div>\n    <\/div>\n  <\/div>\n<\/div><div class=\"wpcf7-response-output\" aria-hidden=\"true\"><\/div>\n<input type=\"hidden\" name=\"trp-form-language\" value=\"en\"\/><\/form>\n<\/div>\n\t\t\t\t\t\t<\/div>\n\t\t\t\t<\/div>\n\t\t\t\t\t<\/div>\n\t\t<\/div>\n\t\t\t\t\t<\/div>\n\t\t<\/section>\n\t\t\t\t<\/div>","protected":false},"excerpt":{"rendered":"<p>Bureau de Douala Bureau de Sherbrooke Contacts Douala, Cameroun +237 6 98 80 62 46\u202c cont&#97;ct&#64;qu&#97;&#110;ta&#104;i&#118;&#101;&#46;&#110;et Contacts 1319 rue Evangeline, Sherbrooke, Canada, J1H 5Y7 +1 (873) 878\u20116035\u202c &#99;&#111;ntact&#64;qu&#97;n&#116;a&#104;ive&#46;&#110;et Restons en Contact Merci de nous indiquer si vous avez une question, souhaitez laisser un commentaire ou d\u00e9sirez plus d\u2019informations sur Quanta Hive. S\u00e9lectionnez un serviceD\u00e9veloppement WebD\u00e9veloppement<\/p>","protected":false},"author":1,"featured_media":0,"parent":0,"menu_order":0,"comment_status":"closed","ping_status":"closed","template":"","meta":{"footnotes":""},"class_list":["post-8050","page","type-page","status-publish","hentry"],"_links":{"self":[{"href":"https:\/\/quantahive.net\/en\/wp-json\/wp\/v2\/pages\/8050","targetHints":{"allow":["GET"]}}],"collection":[{"href":"https:\/\/quantahive.net\/en\/wp-json\/wp\/v2\/pages"}],"about":[{"href":"https:\/\/quantahive.net\/en\/wp-json\/wp\/v2\/types\/page"}],"author":[{"embeddable":true,"href":"https:\/\/quantahive.net\/en\/wp-json\/wp\/v2\/users\/1"}],"replies":[{"embeddable":true,"href":"https:\/\/quantahive.net\/en\/wp-json\/wp\/v2\/comments?post=8050"}],"version-history":[{"count":25,"href":"https:\/\/quantahive.net\/en\/wp-json\/wp\/v2\/pages\/8050\/revisions"}],"predecessor-version":[{"id":9482,"href":"https:\/\/quantahive.net\/en\/wp-json\/wp\/v2\/pages\/8050\/revisions\/9482"}],"wp:attachment":[{"href":"https:\/\/quantahive.net\/en\/wp-json\/wp\/v2\/media?parent=8050"}],"curies":[{"name":"wp","href":"https:\/\/api.w.org\/{rel}","templated":true}]}}